{"id":412,"date":"2019-05-02T07:01:39","date_gmt":"2019-05-02T07:01:39","guid":{"rendered":"http:\/\/daciconstruction.com\/?page_id=412"},"modified":"2023-06-01T14:44:38","modified_gmt":"2023-06-01T14:44:38","slug":"rreth-nesh","status":"publish","type":"page","link":"http:\/\/daciconstruction.com\/sq\/rreth-nesh\/","title":{"rendered":"Rreth Nesh"},"content":{"rendered":"<section class=\"wpb-content-wrapper\"><p>[vc_row css=&#8221;.vc_custom_1685519711956{padding-top: 45px !important;}&#8221;][vc_column el_class=&#8221;text-center&#8221;]\n\t<!-- Element: OT Heading --> \t \n\t<h2 class=\"ot_custom_heading inline-block \" style=\"\" >Rreth Nesh<\/h2>\t\n\t<!-- Element: OT Line solid --> \t \n\t<div class=\" separator separator-bold\"><span><i class=\"fa fa-gear\"><\/i><\/span><\/div>\n\t<div class=\"spacer-single\"><\/div>\t      \n[\/vc_column][\/vc_row][vc_row img_halfrow=&#8221;yes&#8221; halfrow_image=&#8221;253&#8243; img_columns=&#8221;4columns&#8221; img_position=&#8221;imgleft&#8221;][vc_column offset=&#8221;vc_col-lg-offset-5 vc_col-lg-7 vc_col-md-offset-5 vc_col-md-7&#8243;][vc_column_text]<\/p>\n<h2 style=\"letter-spacing: 0px;\">Kush jemi ne?<\/h2>\n<div class=\"spacer-single\">&nbsp;<\/div>\n<div class=\"row\">\n<div class=\"col-md-6\">\n<p>Ne jemi nj\u00eb kompani Shqiptare e cila merret me ndertime, rikonstruksione , planifikime, konsulence e shum\u00eb benefite t\u00eb tjera n\u00eb ndihm\u00eb t\u00eb klient\u00ebve tan\u00eb. Brenda standarteve tona \u00ebsht\u00eb e r\u00ebnd\u00ebsishme t\u00eb theksojm\u00eb p\u00ebr t\u00eb gjith\u00eb pal\u00ebt e interesuara t\u00eb \u00e7do projekti q\u00eb ne jemi n\u00eb gjendje t\u00eb mbajm\u00eb nj\u00eb besim t\u00eb nd\u00ebrsjell\u00eb q\u00eb projekti do t\u00eb p\u00ebrfundoj\u00eb brenda kufizimeve kohore dhe buxhetore.<\/p>\n<\/div>\n<div class=\"col-md-6\">\n<p>Organizata jon\u00eb krenohet jo vet\u00ebm n\u00eb avancimin e q\u00ebllimeve dhe ambicjeve t\u00eb klient\u00ebve tan\u00eb, por edhe n\u00eb avancimin e q\u00ebllimeve dhe ambicjeve t\u00eb punonj\u00ebsve tan\u00eb. Punonj\u00ebsit tan\u00eb shk\u00eblqejn\u00eb n\u00eb mjedise sfiduese, t\u00eb orientuara drejt q\u00ebllimit, ku secili individ \u00ebsht\u00eb drejtp\u00ebrdrejt p\u00ebrgjegj\u00ebs p\u00ebr suksesin e tij.<\/p>\n<\/div>\n<\/div>\n<p>[\/vc_column_text][vc_column_text]<\/p>\n<h2 style=\"letter-spacing: 0px;\">Pse duhet t\u2019na zgjidhni ne ?<\/h2>\n<div class=\"spacer-single\">&nbsp;<\/div>\n<div class=\"row\">\n<div class=\"col-md-6\">\n<p>Duke zgjedhur Daci Construction si partnerin tuaj kontraktues, mund t\u00eb jeni i bindur se po punoni s\u00eb bashku me nj\u00eb firm\u00eb q\u00eb ndjek politikat dhe procedurat q\u00eb jan\u00eb zhvilluar n\u00eb m\u00ebnyr\u00eb specifike nga bordi yn\u00eb me p\u00ebrvoj\u00eb i drejtor\u00ebve dhe ekipi menaxhues p\u00ebr t\u00eb siguruar q\u00eb operacionet t\u00eb kryhen n\u00eb m\u00ebnyr\u00eb t\u00eb sigurt\u00eb dhe efikase, pa kompromentuar cil\u00ebsin\u00eb e prodhimit dhe udh\u00ebzimet mjedisore.<\/p>\n<\/div>\n<div class=\"col-md-6\">\n<p>Klient\u00ebt tan\u00eb p\u00ebrfaq\u00ebsojn\u00eb nj\u00eb spekt\u00ebr t\u00eb gjer\u00eb t\u00eb industrive dhe sektor\u00ebve t\u00eb biznesit, duke na lejuar mund\u00ebsin\u00eb p\u00ebr t\u00eb aplikuar p\u00ebrvoj\u00ebn ton\u00eb, njohurit\u00eb dhe pasionin p\u00ebr p\u00ebrsosm\u00ebri n\u00eb secilin projekt specifik, me q\u00ebllim q\u00eb t\u00eb p\u00ebrballojm\u00eb me sukses \u00e7do sfid\u00eb dhe rrethan\u00eb t\u00eb ve\u00e7ant\u00eb.<\/p>\n<\/div>\n<\/div>\n<p>[\/vc_column_text][\/vc_column][\/vc_row][vc_row css=&#8221;.vc_custom_1556780827692{padding-top: 90px !important;padding-bottom: 60px !important;}&#8221;][vc_column width=&#8221;1\/3&#8243;][vc_custom_heading text=&#8221;Efi\u00e7ienca ushqen shk\u00eblqimin, ku shpejt\u00ebsia na \u00e7on p\u00ebrpara.&#8221; use_theme_fonts=&#8221;yes&#8221; el_class=&#8221;mt0&#8243;][\/vc_column][vc_column width=&#8221;1\/3&#8243;][vc_custom_heading text=&#8221;VIZIONI YN\u00cb&#8221; font_container=&#8221;tag:h3|text_align:left&#8221; use_theme_fonts=&#8221;yes&#8221;][vc_column_text]Rritja e kompanis\u00eb \u00ebsht\u00eb rezultat i sigurimit t\u00eb nj\u00eb standard t\u00eb lart\u00eb t\u00eb pun\u00ebs p\u00ebr t\u00eb gjith\u00eb klient\u00ebt tan\u00eb dhe mb\u00ebshtetjes s\u00eb reputacionit ton\u00eb bazuar n\u00eb pun\u00eb t\u00eb mir\u00eb t\u00eb kryera. Ne mb\u00ebshtetemi nga nj\u00eb fuqi pun\u00ebtore e kualifikuar me ekspertiz\u00eb n\u00eb fush\u00ebn e nd\u00ebrtimit dhe zgjedhim praktikat m\u00eb t\u00eb mira, duke ofruar projekte afatgjata. Asgj\u00eb nuk flasin m\u00eb shum\u00eb p\u00ebr nj\u00eb kompani se aft\u00ebsia e saj p\u00ebr t\u00eb siguruar nj\u00eb rrjedh\u00eb stabile t\u00eb pun\u00ebs, dhe Daci Construction e b\u00ebn k\u00ebt\u00eb m\u00eb s\u00eb miri.[\/vc_column_text][vc_single_image image=&#8221;254&#8243; img_size=&#8221;full&#8221; onclick=&#8221;link_image&#8221;][\/vc_column][vc_column width=&#8221;1\/3&#8243;][vc_single_image image=&#8221;255&#8243; img_size=&#8221;full&#8221; onclick=&#8221;link_image&#8221;][vc_custom_heading text=&#8221;MISIONI YN\u00cb&#8221; font_container=&#8221;tag:h3|text_align:left&#8221; use_theme_fonts=&#8221;yes&#8221;][vc_column_text]Pas p\u00ebrfundimit t\u00eb \u00e7do projekti q\u00eb nd\u00ebrmarrim, duhet t\u00eb ket\u00eb nj\u00eb klient i k\u00ebnaqur \u2013 nj\u00eb i cili do t\u00eb na k\u00ebrkoj\u00eb t\u00eb kthehemi p\u00ebr projektin e ardhsh\u00ebm dhe t\u00eb na rekomandoj\u00eb te t\u00eb tjer\u00ebt. N\u00ebse jo, kemi d\u00ebshtuar n\u00eb misionin ton\u00eb p\u00ebr t\u00eb ofruar sh\u00ebrbime nd\u00ebrtimi t\u00eb shk\u00eblqyera. Ne thjesht b\u00ebjm\u00eb m\u00eb t\u00eb mir\u00ebn dhe rezultatet flasin vetvetiu \u2013 na kontaktoni n\u00ebse mund t\u00eb ju ndihmojm\u00eb me projektet tuaja t\u00eb ardhshme.[\/vc_column_text][\/vc_column][\/vc_row][vc_row css=&#8221;.vc_custom_1685629067397{margin-bottom: 45px !important;}&#8221;][vc_column width=&#8221;1\/4&#8243;][vc_single_image image=&#8221;460&#8243; img_size=&#8221;full&#8221; onclick=&#8221;link_image&#8221;][\/vc_column][vc_column width=&#8221;3\/4&#8243;][vc_custom_heading text=&#8221;Kompania jon\u00eb ofron Kurse Profesionale n\u00eb fush\u00ebn e nd\u00ebrtimit.&#8221; use_theme_fonts=&#8221;yes&#8221; el_class=&#8221;mt0&#8243;][vc_column_text css=&#8221;.vc_custom_1685630680693{margin-top: 20px !important;}&#8221;]&#8221;Daci Construction&#8221; disponon qendr\u00ebn e formimit profesional t\u00eb miratuar nga Ministria e Financave dhe Ekonomis\u00eb, e njohur nga Bashkimi Europian.<\/p>\n<p>N\u00eb fush\u00ebn e nd\u00ebrtimit, ofrojm\u00eb sh\u00ebrbime si: Suvaxhi, Pllakashtrues, Murator, Punime gipsi, Hidroizolues, Termoizolues, Bojaxhi, Hidraulik, Klimatizues, Elektricist, Punime dekorative, Punime parketi, Teknik nd\u00ebrtimi, Veshje fasade.[\/vc_column_text]\n\t<!-- Element: OT Image Gallery 1 -->\n\t<div class=\"row archi-image-gallery projects-grid overlay_s1\">\t\n\t\t<div class=\"project-item-sizer col-md-4\"><\/div>\n             \n\t        <!-- gallery item -->\n\t        <div class=\"project-item col-md-4\">\n\t        \t<div class=\"projects-box \">\n\t\t\t\t\t<div class=\"projects-thumbnail\">\n\t\t\t\t\t\t<img loading=\"lazy\" decoding=\"async\" width=\"1125\" height=\"1102\" src=\"http:\/\/daciconstruction.com\/wp-content\/uploads\/2023\/06\/shkolla-1.jpeg\" class=\"attachment-full size-full\" alt=\"\" srcset=\"http:\/\/daciconstruction.com\/wp-content\/uploads\/2023\/06\/shkolla-1.jpeg 1125w, http:\/\/daciconstruction.com\/wp-content\/uploads\/2023\/06\/shkolla-1-300x294.jpeg 300w, http:\/\/daciconstruction.com\/wp-content\/uploads\/2023\/06\/shkolla-1-1024x1003.jpeg 1024w, http:\/\/daciconstruction.com\/wp-content\/uploads\/2023\/06\/shkolla-1-768x752.jpeg 768w, http:\/\/daciconstruction.com\/wp-content\/uploads\/2023\/06\/shkolla-1-600x588.jpeg 600w\" sizes=\"auto, (max-width: 1125px) 100vw, 1125px\" title=\"shkolla (1)\" \/>\t\t\t\t\t<\/div>\t\t\t\t\t\t\t\n\t\t\t\t\t           \t\n\t                \t<a class=\"image-popup\" title=\"shkolla (1)\" href=\"http:\/\/daciconstruction.com\/wp-content\/uploads\/2023\/06\/shkolla-1.jpeg\">\n\t                \t\t\t\t\t\t<span class=\"project-overlay\">\n\t\t\t\t\t\t\t<span class=\"project-name id-color\">\n\t\t\t\t\t\t\t\tShkolla Profesionale \n\t\t\t\t\t\t\t<\/span>\t\n\t\t\t\t\t\t<\/span>\n\t\t\t\t\t<\/a>\t\n\t\t\t\t<\/div>\n\t        <\/div>\n\t        <!-- close gallery item -->  \n             \n\t        <!-- gallery item -->\n\t        <div class=\"project-item col-md-4\">\n\t        \t<div class=\"projects-box \">\n\t\t\t\t\t<div class=\"projects-thumbnail\">\n\t\t\t\t\t\t<img loading=\"lazy\" decoding=\"async\" width=\"1116\" height=\"1113\" src=\"http:\/\/daciconstruction.com\/wp-content\/uploads\/2023\/06\/shkolla-2.jpeg\" class=\"attachment-full size-full\" alt=\"\" srcset=\"http:\/\/daciconstruction.com\/wp-content\/uploads\/2023\/06\/shkolla-2.jpeg 1116w, http:\/\/daciconstruction.com\/wp-content\/uploads\/2023\/06\/shkolla-2-300x300.jpeg 300w, http:\/\/daciconstruction.com\/wp-content\/uploads\/2023\/06\/shkolla-2-1024x1021.jpeg 1024w, http:\/\/daciconstruction.com\/wp-content\/uploads\/2023\/06\/shkolla-2-150x150.jpeg 150w, http:\/\/daciconstruction.com\/wp-content\/uploads\/2023\/06\/shkolla-2-768x766.jpeg 768w, http:\/\/daciconstruction.com\/wp-content\/uploads\/2023\/06\/shkolla-2-600x598.jpeg 600w, http:\/\/daciconstruction.com\/wp-content\/uploads\/2023\/06\/shkolla-2-100x100.jpeg 100w\" sizes=\"auto, (max-width: 1116px) 100vw, 1116px\" title=\"shkolla (2)\" \/>\t\t\t\t\t<\/div>\t\t\t\t\t\t\t\n\t\t\t\t\t           \t\n\t                \t<a class=\"image-popup\" title=\"shkolla (2)\" href=\"http:\/\/daciconstruction.com\/wp-content\/uploads\/2023\/06\/shkolla-2.jpeg\">\n\t                \t\t\t\t\t\t<span class=\"project-overlay\">\n\t\t\t\t\t\t\t<span class=\"project-name id-color\">\n\t\t\t\t\t\t\t\tShkolla Profesionale \n\t\t\t\t\t\t\t<\/span>\t\n\t\t\t\t\t\t<\/span>\n\t\t\t\t\t<\/a>\t\n\t\t\t\t<\/div>\n\t        <\/div>\n\t        <!-- close gallery item -->  \n             \n\t        <!-- gallery item -->\n\t        <div class=\"project-item col-md-4\">\n\t        \t<div class=\"projects-box \">\n\t\t\t\t\t<div class=\"projects-thumbnail\">\n\t\t\t\t\t\t<img loading=\"lazy\" decoding=\"async\" width=\"1118\" height=\"1102\" src=\"http:\/\/daciconstruction.com\/wp-content\/uploads\/2023\/06\/shkolla-3.jpeg\" class=\"attachment-full size-full\" alt=\"\" srcset=\"http:\/\/daciconstruction.com\/wp-content\/uploads\/2023\/06\/shkolla-3.jpeg 1118w, http:\/\/daciconstruction.com\/wp-content\/uploads\/2023\/06\/shkolla-3-300x296.jpeg 300w, http:\/\/daciconstruction.com\/wp-content\/uploads\/2023\/06\/shkolla-3-1024x1009.jpeg 1024w, http:\/\/daciconstruction.com\/wp-content\/uploads\/2023\/06\/shkolla-3-768x757.jpeg 768w, http:\/\/daciconstruction.com\/wp-content\/uploads\/2023\/06\/shkolla-3-600x591.jpeg 600w, http:\/\/daciconstruction.com\/wp-content\/uploads\/2023\/06\/shkolla-3-100x100.jpeg 100w\" sizes=\"auto, (max-width: 1118px) 100vw, 1118px\" title=\"shkolla (3)\" \/>\t\t\t\t\t<\/div>\t\t\t\t\t\t\t\n\t\t\t\t\t           \t\n\t                \t<a class=\"image-popup\" title=\"shkolla (3)\" href=\"http:\/\/daciconstruction.com\/wp-content\/uploads\/2023\/06\/shkolla-3.jpeg\">\n\t                \t\t\t\t\t\t<span class=\"project-overlay\">\n\t\t\t\t\t\t\t<span class=\"project-name id-color\">\n\t\t\t\t\t\t\t\tShkolla Profesionale \n\t\t\t\t\t\t\t<\/span>\t\n\t\t\t\t\t\t<\/span>\n\t\t\t\t\t<\/a>\t\n\t\t\t\t<\/div>\n\t        <\/div>\n\t        <!-- close gallery item -->  \n             \n\t        <!-- gallery item -->\n\t        <div class=\"project-item col-md-4\">\n\t        \t<div class=\"projects-box \">\n\t\t\t\t\t<div class=\"projects-thumbnail\">\n\t\t\t\t\t\t<img loading=\"lazy\" decoding=\"async\" width=\"1125\" height=\"1118\" src=\"http:\/\/daciconstruction.com\/wp-content\/uploads\/2023\/06\/shkolla-4.jpeg\" class=\"attachment-full size-full\" alt=\"\" srcset=\"http:\/\/daciconstruction.com\/wp-content\/uploads\/2023\/06\/shkolla-4.jpeg 1125w, http:\/\/daciconstruction.com\/wp-content\/uploads\/2023\/06\/shkolla-4-300x298.jpeg 300w, http:\/\/daciconstruction.com\/wp-content\/uploads\/2023\/06\/shkolla-4-1024x1018.jpeg 1024w, http:\/\/daciconstruction.com\/wp-content\/uploads\/2023\/06\/shkolla-4-150x150.jpeg 150w, http:\/\/daciconstruction.com\/wp-content\/uploads\/2023\/06\/shkolla-4-768x763.jpeg 768w, http:\/\/daciconstruction.com\/wp-content\/uploads\/2023\/06\/shkolla-4-600x596.jpeg 600w, http:\/\/daciconstruction.com\/wp-content\/uploads\/2023\/06\/shkolla-4-100x100.jpeg 100w\" sizes=\"auto, (max-width: 1125px) 100vw, 1125px\" title=\"shkolla (4)\" \/>\t\t\t\t\t<\/div>\t\t\t\t\t\t\t\n\t\t\t\t\t           \t\n\t                \t<a class=\"image-popup\" title=\"shkolla (4)\" href=\"http:\/\/daciconstruction.com\/wp-content\/uploads\/2023\/06\/shkolla-4.jpeg\">\n\t                \t\t\t\t\t\t<span class=\"project-overlay\">\n\t\t\t\t\t\t\t<span class=\"project-name id-color\">\n\t\t\t\t\t\t\t\tShkolla Profesionale \n\t\t\t\t\t\t\t<\/span>\t\n\t\t\t\t\t\t<\/span>\n\t\t\t\t\t<\/a>\t\n\t\t\t\t<\/div>\n\t        <\/div>\n\t        <!-- close gallery item -->  \n             \n\t        <!-- gallery item -->\n\t        <div class=\"project-item col-md-4\">\n\t        \t<div class=\"projects-box \">\n\t\t\t\t\t<div class=\"projects-thumbnail\">\n\t\t\t\t\t\t<img loading=\"lazy\" decoding=\"async\" width=\"1125\" height=\"1121\" src=\"http:\/\/daciconstruction.com\/wp-content\/uploads\/2023\/06\/shkolla-5.jpeg\" class=\"attachment-full size-full\" alt=\"\" srcset=\"http:\/\/daciconstruction.com\/wp-content\/uploads\/2023\/06\/shkolla-5.jpeg 1125w, http:\/\/daciconstruction.com\/wp-content\/uploads\/2023\/06\/shkolla-5-300x300.jpeg 300w, http:\/\/daciconstruction.com\/wp-content\/uploads\/2023\/06\/shkolla-5-1024x1020.jpeg 1024w, http:\/\/daciconstruction.com\/wp-content\/uploads\/2023\/06\/shkolla-5-150x150.jpeg 150w, http:\/\/daciconstruction.com\/wp-content\/uploads\/2023\/06\/shkolla-5-768x765.jpeg 768w, http:\/\/daciconstruction.com\/wp-content\/uploads\/2023\/06\/shkolla-5-600x598.jpeg 600w, http:\/\/daciconstruction.com\/wp-content\/uploads\/2023\/06\/shkolla-5-100x100.jpeg 100w\" sizes=\"auto, (max-width: 1125px) 100vw, 1125px\" title=\"shkolla (5)\" \/>\t\t\t\t\t<\/div>\t\t\t\t\t\t\t\n\t\t\t\t\t           \t\n\t                \t<a class=\"image-popup\" title=\"shkolla (5)\" href=\"http:\/\/daciconstruction.com\/wp-content\/uploads\/2023\/06\/shkolla-5.jpeg\">\n\t                \t\t\t\t\t\t<span class=\"project-overlay\">\n\t\t\t\t\t\t\t<span class=\"project-name id-color\">\n\t\t\t\t\t\t\t\tShkolla Profesionale \n\t\t\t\t\t\t\t<\/span>\t\n\t\t\t\t\t\t<\/span>\n\t\t\t\t\t<\/a>\t\n\t\t\t\t<\/div>\n\t        <\/div>\n\t        <!-- close gallery item -->  \n             \n\t        <!-- gallery item -->\n\t        <div class=\"project-item col-md-4\">\n\t        \t<div class=\"projects-box \">\n\t\t\t\t\t<div class=\"projects-thumbnail\">\n\t\t\t\t\t\t<img loading=\"lazy\" decoding=\"async\" width=\"1125\" height=\"1069\" src=\"http:\/\/daciconstruction.com\/wp-content\/uploads\/2023\/06\/shkolla-6.jpeg\" class=\"attachment-full size-full\" alt=\"\" srcset=\"http:\/\/daciconstruction.com\/wp-content\/uploads\/2023\/06\/shkolla-6.jpeg 1125w, http:\/\/daciconstruction.com\/wp-content\/uploads\/2023\/06\/shkolla-6-300x285.jpeg 300w, http:\/\/daciconstruction.com\/wp-content\/uploads\/2023\/06\/shkolla-6-1024x973.jpeg 1024w, http:\/\/daciconstruction.com\/wp-content\/uploads\/2023\/06\/shkolla-6-768x730.jpeg 768w, http:\/\/daciconstruction.com\/wp-content\/uploads\/2023\/06\/shkolla-6-600x570.jpeg 600w\" sizes=\"auto, (max-width: 1125px) 100vw, 1125px\" title=\"shkolla (6)\" \/>\t\t\t\t\t<\/div>\t\t\t\t\t\t\t\n\t\t\t\t\t           \t\n\t                \t<a class=\"image-popup\" title=\"shkolla (6)\" href=\"http:\/\/daciconstruction.com\/wp-content\/uploads\/2023\/06\/shkolla-6.jpeg\">\n\t                \t\t\t\t\t\t<span class=\"project-overlay\">\n\t\t\t\t\t\t\t<span class=\"project-name id-color\">\n\t\t\t\t\t\t\t\tShkolla Profesionale \n\t\t\t\t\t\t\t<\/span>\t\n\t\t\t\t\t\t<\/span>\n\t\t\t\t\t<\/a>\t\n\t\t\t\t<\/div>\n\t        <\/div>\n\t        <!-- close gallery item -->  \n           \n    <\/div>\n[\/vc_column][\/vc_row]<\/p>\n<\/section>","protected":false},"excerpt":{"rendered":"<p>[vc_row css=&#8221;.vc_custom_1685519711956{padding-top: 45px !important;}&#8221;][vc_column el_class=&#8221;text-center&#8221;][\/vc_column][\/vc_row][vc_row img_halfrow=&#8221;yes&#8221; halfrow_image=&#8221;253&#8243; img_columns=&#8221;4columns&#8221; img_position=&#8221;imgleft&#8221;][vc_column offset=&#8221;vc_col-lg-offset-5 vc_col-lg-7 vc_col-md-offset-5 vc_col-md-7&#8243;][vc_column_text] Kush jemi ne? &nbsp; Ne jemi nj\u00eb kompani Shqiptare e cila merret me ndertime, rikonstruksione , planifikime, konsulence e shum\u00eb benefite t\u00eb tjera n\u00eb ndihm\u00eb t\u00eb klient\u00ebve tan\u00eb. Brenda standarteve tona \u00ebsht\u00eb e r\u00ebnd\u00ebsishme t\u00eb theksojm\u00eb p\u00ebr t\u00eb gjith\u00eb pal\u00ebt e interesuara [&hellip;]<\/p>\n","protected":false},"author":1,"featured_media":0,"parent":0,"menu_order":0,"comment_status":"closed","ping_status":"closed","template":"page-templates\/template-fullwidth.php","meta":{"ngg_post_thumbnail":0,"footnotes":""},"class_list":["post-412","page","type-page","status-publish","hentry"],"_links":{"self":[{"href":"http:\/\/daciconstruction.com\/sq\/wp-json\/wp\/v2\/pages\/412","targetHints":{"allow":["GET"]}}],"collection":[{"href":"http:\/\/daciconstruction.com\/sq\/wp-json\/wp\/v2\/pages"}],"about":[{"href":"http:\/\/daciconstruction.com\/sq\/wp-json\/wp\/v2\/types\/page"}],"author":[{"embeddable":true,"href":"http:\/\/daciconstruction.com\/sq\/wp-json\/wp\/v2\/users\/1"}],"replies":[{"embeddable":true,"href":"http:\/\/daciconstruction.com\/sq\/wp-json\/wp\/v2\/comments?post=412"}],"version-history":[{"count":14,"href":"http:\/\/daciconstruction.com\/sq\/wp-json\/wp\/v2\/pages\/412\/revisions"}],"predecessor-version":[{"id":473,"href":"http:\/\/daciconstruction.com\/sq\/wp-json\/wp\/v2\/pages\/412\/revisions\/473"}],"wp:attachment":[{"href":"http:\/\/daciconstruction.com\/sq\/wp-json\/wp\/v2\/media?parent=412"}],"curies":[{"name":"wp","href":"https:\/\/api.w.org\/{rel}","templated":true}]}}