{"id":414,"date":"2019-04-25T10:00:37","date_gmt":"2019-04-25T10:00:37","guid":{"rendered":"http:\/\/daciconstruction.com\/?page_id=414"},"modified":"2023-05-31T20:34:30","modified_gmt":"2023-05-31T20:34:30","slug":"sherbimet","status":"publish","type":"page","link":"http:\/\/daciconstruction.com\/sq\/sherbimet\/","title":{"rendered":"Sh\u00ebrbimet"},"content":{"rendered":"<section class=\"wpb-content-wrapper\"><p>[vc_row css=&#8221;.vc_custom_1556006288868{padding-top: 90px !important;padding-bottom: 60px !important;}&#8221;][vc_column el_class=&#8221;text-center&#8221;]\n\t<!-- Element: OT Heading --> \t \n\t<h2 class=\"ot_custom_heading inline-block \" style=\"\" >Sh\u00ebrbimet Tona<\/h2>\t\n\t<!-- Element: OT Line solid --> \t \n\t<div class=\" separator separator-bold\"><span><i class=\"fa fa-gear\"><\/i><\/span><\/div>\n\t<div class=\"spacer-single\"><\/div>\t      \n[\/vc_column][vc_column width=&#8221;1\/3&#8243;][vc_single_image image=&#8221;239&#8243; img_size=&#8221;full&#8221; css=&#8221;.vc_custom_1685565242901{margin-bottom: 0px !important;}&#8221;][vc_empty_space][vc_column_text]<\/p>\n<h3>Planifikim dhe Konsulenc\u00eb<\/h3>\n<p>Daci Construction ofron sh\u00ebrbimin e projektimit dhe konsulenc\u00ebn p\u00ebr projekte arktitektonike, interieri, konstruktive, etj. Gjithashtu p\u00ebr klient\u00ebt, bashk\u00ebpun\u00ebtor\u00ebt dhe partner\u00ebt e saj, shqiptar\u00eb e t\u00eb huaj, nj\u00eb paket\u00eb t\u00eb plot\u00eb sh\u00ebrbimesh konsulence, p\u00ebrfshir\u00eb n\u00eb t\u00eb ato ligjore, financiare \u2013 ekonomike, administrative, projektimi e inxhinierike, etj.[\/vc_column_text][\/vc_column][vc_column width=&#8221;1\/3&#8243;][vc_single_image image=&#8221;240&#8243; img_size=&#8221;full&#8221; css=&#8221;.vc_custom_1685565253911{margin-bottom: 0px !important;}&#8221;][vc_empty_space][vc_column_text]<\/p>\n<h3>Ndertim dhe Rikonstruksion<\/h3>\n<p>Daci Construction \u00ebsht\u00eb mar\u00eb me ndertimin e subjekteve t\u00eb ndryshme n\u00eb t\u00eb gjitha fushat e ndertimit. Q\u00eb n\u00eb themelim t\u00eb kompanis\u00eb dhe deri tani kemi nd\u00ebrtuar objekte t\u00eb ndryshme n\u00eb koh\u00eb rekord, rikonstruksione t\u00eb godinave civile dhe industriale. Teknologjia m\u00eb e fundit p\u00ebr nj\u00eb mjedis sa m\u00eb t\u00eb gjelb\u00ebr. T\u00eb nd\u00ebrtojme komunitetin e s\u00eb nes\u00ebrmes, sot.[\/vc_column_text][\/vc_column][vc_column width=&#8221;1\/3&#8243;][vc_single_image image=&#8221;241&#8243; img_size=&#8221;full&#8221; css=&#8221;.vc_custom_1685565272596{margin-bottom: 0px !important;}&#8221;][vc_empty_space][vc_column_text css=&#8221;.vc_custom_1685559979410{margin-bottom: 0px !important;}&#8221;]<\/p>\n<h3>Investim<\/h3>\n<p>Q\u00eb prej vitit 2010 Daci Construction e ka provuar vehten me sukses edhe si investitor dhe subjekt nd\u00ebrtues, me disa komplekse banimi dhe sh\u00ebrbimi t\u00eb p\u00ebrfunduar n\u00eb Tiran\u00eb dhe n\u00eb qytete t\u00eb tjera n\u00eb Shqip\u00ebri.[\/vc_column_text][\/vc_column][\/vc_row][vc_row el_class=&#8221;call-to-action bg-color text-light&#8221; css=&#8221;.vc_custom_1557733260198{padding-top: 30px !important;padding-bottom: 40px !important;}&#8221;][vc_column width=&#8221;2\/3&#8243;]\n\t<!-- Element: OT Heading --> \t \n\t<h3 class=\"ot_custom_heading mt20 \" style=\"\" >KONSULTIM FALAS!<\/h3>\t\n[\/vc_column][vc_column width=&#8221;1\/3&#8243; el_class=&#8221;text-right&#8221;]\t\t\t\n\t<!-- Element: OT Button 2 --> \n\t<a href=\"\/kontakt\/\" title=\"Kontakti\" target=\"_self\" class=\"btn btn-line btn-big mt10\">Kontakti<\/a>\t\n[\/vc_column][\/vc_row]<\/p>\n<\/section>","protected":false},"excerpt":{"rendered":"<p>[vc_row css=&#8221;.vc_custom_1556006288868{padding-top: 90px !important;padding-bottom: 60px !important;}&#8221;][vc_column el_class=&#8221;text-center&#8221;][\/vc_column][vc_column width=&#8221;1\/3&#8243;][vc_single_image image=&#8221;239&#8243; img_size=&#8221;full&#8221; css=&#8221;.vc_custom_1685565242901{margin-bottom: 0px !important;}&#8221;][vc_empty_space][vc_column_text] Planifikim dhe Konsulenc\u00eb Daci Construction ofron sh\u00ebrbimin e projektimit dhe konsulenc\u00ebn p\u00ebr projekte arktitektonike, interieri, konstruktive, etj. Gjithashtu p\u00ebr klient\u00ebt, bashk\u00ebpun\u00ebtor\u00ebt dhe partner\u00ebt e saj, shqiptar\u00eb e t\u00eb huaj, nj\u00eb paket\u00eb t\u00eb plot\u00eb sh\u00ebrbimesh konsulence, p\u00ebrfshir\u00eb n\u00eb t\u00eb ato ligjore, financiare \u2013 [&hellip;]<\/p>\n","protected":false},"author":1,"featured_media":0,"parent":0,"menu_order":0,"comment_status":"closed","ping_status":"closed","template":"page-templates\/template-fullwidth.php","meta":{"ngg_post_thumbnail":0,"footnotes":""},"class_list":["post-414","page","type-page","status-publish","hentry"],"_links":{"self":[{"href":"http:\/\/daciconstruction.com\/sq\/wp-json\/wp\/v2\/pages\/414","targetHints":{"allow":["GET"]}}],"collection":[{"href":"http:\/\/daciconstruction.com\/sq\/wp-json\/wp\/v2\/pages"}],"about":[{"href":"http:\/\/daciconstruction.com\/sq\/wp-json\/wp\/v2\/types\/page"}],"author":[{"embeddable":true,"href":"http:\/\/daciconstruction.com\/sq\/wp-json\/wp\/v2\/users\/1"}],"replies":[{"embeddable":true,"href":"http:\/\/daciconstruction.com\/sq\/wp-json\/wp\/v2\/comments?post=414"}],"version-history":[{"count":6,"href":"http:\/\/daciconstruction.com\/sq\/wp-json\/wp\/v2\/pages\/414\/revisions"}],"predecessor-version":[{"id":440,"href":"http:\/\/daciconstruction.com\/sq\/wp-json\/wp\/v2\/pages\/414\/revisions\/440"}],"wp:attachment":[{"href":"http:\/\/daciconstruction.com\/sq\/wp-json\/wp\/v2\/media?parent=414"}],"curies":[{"name":"wp","href":"https:\/\/api.w.org\/{rel}","templated":true}]}}