{"id":418,"date":"2019-04-25T09:24:40","date_gmt":"2019-04-25T09:24:40","guid":{"rendered":"http:\/\/daciconstruction.com\/?page_id=418"},"modified":"2023-06-02T06:44:11","modified_gmt":"2023-06-02T06:44:11","slug":"kontakt","status":"publish","type":"page","link":"http:\/\/daciconstruction.com\/sq\/kontakt\/","title":{"rendered":"Kontakt"},"content":{"rendered":"<section class=\"wpb-content-wrapper\"><p>[vc_row css=&#8221;.vc_custom_1556186113374{padding-top: 90px !important;padding-bottom: 90px !important;}&#8221;][vc_column]   \t\n   \t<!-- Element: OT Google Map --> \t \n    <div id=\"gmap-6a0939c110b2d\" style=\"height: 500px;\"><\/div>\n\t\t\n\t<script type=\"text\/javascript\">\t\n\t\t(function($) { \"use strict\"\n\t\t    $(document).ready(function(){\n\t\t     \n\t\t        var locations = [\n\t\t\t\t\t['<div class=\"infobox\"><span><span><\/div>', 41.3794232, 19.7619028, 2]\n\t\t        ];\n\t\t\t\n\t\t\t\tvar map = new google.maps.Map(document.getElementById('gmap-6a0939c110b2d'), {\n\t\t\t\t  \tzoom: 14,\n\t\t\t\t\tscrollwheel: false,\n\t\t\t\t\tnavigationControl: true,\n\t\t\t\t\tmapTypeControl: false,\n\t\t\t\t\tscaleControl: false,\n\t\t\t\t\tdraggable: true,\t\t\t\n\t\t\t\t\tstyles: \n\t\t\t\t\t\t[\n    {\n        \"featureType\": \"landscape\",\n        \"stylers\": [\n            {\n                \"saturation\": -100\n            },\n            {\n                \"lightness\": 60\n            }\n        ]\n    },\n    {\n        \"featureType\": \"road.local\",\n        \"stylers\": [\n            {\n                \"saturation\": -100\n            },\n            {\n                \"lightness\": 40\n            },\n            {\n                \"visibility\": \"on\"\n            }\n        ]\n    },\n    {\n        \"featureType\": \"transit\",\n        \"stylers\": [\n            {\n                \"saturation\": -100\n            },\n            {\n                \"visibility\": \"simplified\"\n            }\n        ]\n    },\n    {\n        \"featureType\": \"administrative.province\",\n        \"stylers\": [\n            {\n                \"visibility\": \"off\"\n            }\n        ]\n    },\n    {\n        \"featureType\": \"water\",\n        \"stylers\": [\n            {\n                \"visibility\": \"on\"\n            },\n            {\n                \"lightness\": 30\n            }\n        ]\n    },\n    {\n        \"featureType\": \"road.highway\",\n        \"elementType\": \"geometry.fill\",\n        \"stylers\": [\n            {\n                \"color\": \"#ef8c25\"\n            },\n            {\n                \"lightness\": 40\n            }\n        ]\n    },\n    {\n        \"featureType\": \"road.highway\",\n        \"elementType\": \"geometry.stroke\",\n        \"stylers\": [\n            {\n                \"visibility\": \"off\"\n            }\n        ]\n    },\n    {\n        \"featureType\": \"poi.park\",\n        \"elementType\": \"geometry.fill\",\n        \"stylers\": [\n            {\n                \"color\": \"#b6c54c\"\n            },\n            {\n                \"lightness\": 40\n            },\n            {\n                \"saturation\": -40\n            }\n        ]\n    },\n    {}\n],\n\t\t\t\t\tcenter: new google.maps.LatLng(41.3794232, 19.7619028),\n\t\t\t\t  mapTypeId: google.maps.MapTypeId.ROADMAP\n\t\t\t\t});\n\t\t\t\n\t\t\t\tvar infowindow = new google.maps.InfoWindow();\n\t\t\t\n\t\t\t\tvar marker, i;\n\t\t\t\n\t\t\t\tfor (i = 0; i < locations.length; i++) {  \n\t\t\t\t\tmarker = new google.maps.Marker({ \n\t\t\t\t\t\tposition: new google.maps.LatLng(locations[i][1], locations[i][2]), \n\t\t\t\t\t\tmap: map ,\n\t\t\t\t\t\ticon: '',\n\t\t\t\t\t\ttitle: ''\n\t\t\t\t\t});\n\t\t\t\t  \tgoogle.maps.event.addListener(marker, (function(marker, i) {\n\t\t\t\t\t\treturn function() {\n\t\t\t\t\t\t\tinfowindow.setContent(locations[i][0]);\n\t\t\t\t\t\t\tinfowindow.open(map, marker);\n\t\t\t\t\t\t}\n\t\t\t\t  \t})(marker, i));\n\t\t\t\t}\n\t\t        \n\t\t    });\n\n\t\t})(jQuery);   \t\n\t<\/script>\n[\/vc_column][\/vc_row][vc_row css=&#8221;.vc_custom_1438577300524{padding-bottom: 90px !important;}&#8221;][vc_column width=&#8221;2\/3&#8243; wap_class=&#8221;wow fadeInUp&#8221;]\n\t<!-- Element: OT Heading --> \t \n\t<h3 class=\"ot_custom_heading  \" style=\"\" >NA D\u00cbRGONI MESAZH<\/h3>\t\n[vc_empty_space height=&#8221;10px&#8221;]\n<div class=\"wpcf7 no-js\" id=\"wpcf7-f484-o1\" lang=\"sq-AL\" dir=\"ltr\">\n<div class=\"screen-reader-response\"><p role=\"status\" aria-live=\"polite\" aria-atomic=\"true\"><\/p> <ul><\/ul><\/div>\n<form action=\"\/sq\/wp-json\/wp\/v2\/pages\/418#wpcf7-f484-o1\" method=\"post\" class=\"wpcf7-form init\" aria-label=\"Contact form\" novalidate=\"novalidate\" data-status=\"init\">\n<div style=\"display: none;\">\n<input type=\"hidden\" name=\"_wpcf7\" value=\"484\" \/>\n<input type=\"hidden\" name=\"_wpcf7_version\" value=\"5.7.7\" \/>\n<input type=\"hidden\" name=\"_wpcf7_locale\" value=\"sq_AL\" \/>\n<input type=\"hidden\" name=\"_wpcf7_unit_tag\" value=\"wpcf7-f484-o1\" \/>\n<input type=\"hidden\" name=\"_wpcf7_container_post\" value=\"0\" \/>\n<input type=\"hidden\" name=\"_wpcf7_posted_data_hash\" value=\"\" \/>\n<\/div>\n<div class=\"row\">\n\t<div class=\"col-md-4\">\n\t\t<div>\n\t\t\t<p><span class=\"wpcf7-form-control-wrap\" data-name=\"your-name\"><input size=\"40\" class=\"wpcf7-form-control wpcf7-text wpcf7-validates-as-required\" aria-required=\"true\" aria-invalid=\"false\" placeholder=\"Emri\" value=\"\" type=\"text\" name=\"your-name\" \/><\/span>\n\t\t\t<\/p>\n\t\t<\/div>\n\t\t<div>\n\t\t\t<p><span class=\"wpcf7-form-control-wrap\" data-name=\"your-email\"><input size=\"40\" class=\"wpcf7-form-control wpcf7-text wpcf7-email wpcf7-validates-as-required wpcf7-validates-as-email\" aria-required=\"true\" aria-invalid=\"false\" placeholder=\"Email\" value=\"\" type=\"email\" name=\"your-email\" \/><\/span>\n\t\t\t<\/p>\n\t\t<\/div>\n\t\t<div>\n\t\t\t<p><span class=\"wpcf7-form-control-wrap\" data-name=\"your-phone\"><input size=\"40\" class=\"wpcf7-form-control wpcf7-text wpcf7-tel wpcf7-validates-as-required wpcf7-validates-as-tel\" aria-required=\"true\" aria-invalid=\"false\" placeholder=\"Tel.\" value=\"\" type=\"tel\" name=\"your-phone\" \/><\/span>\n\t\t\t<\/p>\n\t\t<\/div>\n\t<\/div>\n\t<div class=\"col-md-8\">\n\t\t<div>\n\t\t\t<p><span class=\"wpcf7-form-control-wrap\" data-name=\"your-message\"><textarea cols=\"80\" rows=\"6\" class=\"wpcf7-form-control wpcf7-textarea wpcf7-validates-as-required\" aria-required=\"true\" aria-invalid=\"false\" placeholder=\"Mesazhi\" name=\"your-message\"><\/textarea><\/span>\n\t\t\t<\/p>\n\t\t<\/div>\n\t<\/div>\n\t<div class=\"col-md-12\">\n\t\t<p id=\"submit\"><input class=\"wpcf7-form-control has-spinner wpcf7-submit btn btn-line\" type=\"submit\" value=\"D\u00ebrgo\" \/>\n\t\t<\/p>\n\t<\/div>\n<\/div><div class=\"wpcf7-response-output\" aria-hidden=\"true\"><\/div>\n<\/form>\n<\/div>\n[\/vc_column][vc_column width=&#8221;1\/3&#8243; wap_class=&#8221;wow fadeInUp&#8221;]\n\t<!-- Element: OT Heading --> \t \n\t<h3 class=\"ot_custom_heading  \" style=\"\" >KONTAKT INFO<\/h3>\t\n[vc_column_text el_class=&#8221;text-dark&#8221;]<\/p>\n<address>\n<div>Rr. Haziz Suci, Banesa Nr.1, Bulevardi Blu, Kamez, Tiran\u00eb, Shqip\u00ebri<\/div>\n<div><strong>Tel.:<\/strong>+355 68 410 0300<\/div>\n<div><strong>Tel.:<\/strong>+355 68 516 1373<\/div>\n<div><strong>Email:<\/strong><a href=\"mailto:bdaci@daciconstruction.com\">bdaci@daciconstruction.com<\/a><\/div>\n<div><strong>Web:<\/strong><a>www.daciconstruction.com<\/a><\/div>\n<div><strong>Orari i pun\u00ebs<\/strong>E H\u00ebn\u00eb \u2013 E Premte 09:00 \u2013 18:00<\/div>\n<\/address>\n<p>[\/vc_column_text][\/vc_column][\/vc_row]<\/p>\n<\/section>","protected":false},"excerpt":{"rendered":"<p>[vc_row css=&#8221;.vc_custom_1556186113374{padding-top: 90px !important;padding-bottom: 90px !important;}&#8221;][vc_column][\/vc_column][\/vc_row][vc_row css=&#8221;.vc_custom_1438577300524{padding-bottom: 90px !important;}&#8221;][vc_column width=&#8221;2\/3&#8243; wap_class=&#8221;wow fadeInUp&#8221;][vc_empty_space height=&#8221;10px&#8221;][\/vc_column][vc_column width=&#8221;1\/3&#8243; wap_class=&#8221;wow fadeInUp&#8221;][vc_column_text el_class=&#8221;text-dark&#8221;] Rr. Haziz Suci, Banesa Nr.1, Bulevardi Blu, Kamez, Tiran\u00eb, Shqip\u00ebri Tel.:+355 68 410 0300 Tel.:+355 68 516 1373 Email:bdaci@daciconstruction.com Web:www.daciconstruction.com Orari i pun\u00ebsE H\u00ebn\u00eb \u2013 E Premte 09:00 \u2013 18:00 [\/vc_column_text][\/vc_column][\/vc_row]<\/p>\n","protected":false},"author":1,"featured_media":0,"parent":0,"menu_order":0,"comment_status":"closed","ping_status":"closed","template":"page-templates\/template-fullwidth.php","meta":{"ngg_post_thumbnail":0,"footnotes":""},"class_list":["post-418","page","type-page","status-publish","hentry"],"_links":{"self":[{"href":"http:\/\/daciconstruction.com\/sq\/wp-json\/wp\/v2\/pages\/418","targetHints":{"allow":["GET"]}}],"collection":[{"href":"http:\/\/daciconstruction.com\/sq\/wp-json\/wp\/v2\/pages"}],"about":[{"href":"http:\/\/daciconstruction.com\/sq\/wp-json\/wp\/v2\/types\/page"}],"author":[{"embeddable":true,"href":"http:\/\/daciconstruction.com\/sq\/wp-json\/wp\/v2\/users\/1"}],"replies":[{"embeddable":true,"href":"http:\/\/daciconstruction.com\/sq\/wp-json\/wp\/v2\/comments?post=418"}],"version-history":[{"count":8,"href":"http:\/\/daciconstruction.com\/sq\/wp-json\/wp\/v2\/pages\/418\/revisions"}],"predecessor-version":[{"id":482,"href":"http:\/\/daciconstruction.com\/sq\/wp-json\/wp\/v2\/pages\/418\/revisions\/482"}],"wp:attachment":[{"href":"http:\/\/daciconstruction.com\/sq\/wp-json\/wp\/v2\/media?parent=418"}],"curies":[{"name":"wp","href":"https:\/\/api.w.org\/{rel}","templated":true}]}}